{"id":788,"date":"2019-12-03T10:03:51","date_gmt":"2019-12-03T09:03:51","guid":{"rendered":"https:\/\/rdsa.at\/?page_id=788"},"modified":"2019-12-03T12:26:09","modified_gmt":"2019-12-03T11:26:09","slug":"projects","status":"publish","type":"page","link":"https:\/\/rdsa.at\/de\/projects\/","title":{"rendered":"Key-Projects"},"content":{"rendered":"<div id=\"pl-788\"  class=\"panel-layout\" ><div id=\"pg-788-0\"  class=\"panel-grid panel-has-style\" ><div class=\"siteorigin-panels-stretch panel-row-style-full-width panel-row-style panel-row-style-for-788-0\" data-stretch-type=\"full\" ><div id=\"pgc-788-0-0\"  class=\"panel-grid-cell\" ><div id=\"panel-788-0-0-0\" class=\"so-panel widget widget_sow-features panel-first-child panel-last-child\" data-index=\"0\" ><div\n\t\t\t\n\t\t\tclass=\"so-widget-sow-features so-widget-sow-features-default-13043daf1bd9-788\"\n\t\t\t\n\t\t>\n<div class=\"section-sow-features heading-center\">\n\n\t\t\t<h3 class=\"widget-title\">Schl\u00fcsselprojekte (Auszug)<\/h3>\t\n\t\t\t<p class=\"widget-subtitle\">Eigenforschung (EF), gef\u00f6rdert (GF), Auftragsforschung (AF), Forschungskoopeation (FK)<\/p>\n\t\n\t<div class=\"sow-features-list sow-features-responsive\">\n\n\t\t\t\t\t\n\t\t\t\t\n\t\t\t\t<div class=\"sow-features-feature sow-icon-container-position-top \" style=\"width: 33.333%\">\n\t\t\t\t\t<div class=\"feature-wrapper\">\n\t\t\t\t\t\t\t\t\t\t\t\t<div class=\"sow-icon-container sow-container-round\"\n\t\t                    style=\"color: #0014f7; \"\n\t\t\t\t\t\t\t>\n\t\t\t\t\t\t\t<span class=\"sow-icon-icomoon\" data-sow-icon=\"&#xe920;\"\n\t\tstyle=\"font-size: 24px; color: #ffffff\" \n\t\taria-hidden=\"true\"><\/span>\t\t\t\t\t\t<\/div>\n\t\t\t\t\t\t\n\t\t\t\t\t\t<div class=\"textwidget\">\n\t\t\t\t\t\t\t\t\t\t\t\t\t\t\t<h5>\n\t\t\t\t\t\t\t\t\t\t\t\t\t\t\t\t\t\tIT Consulting\t\t\t\t\t\t\t\t\t\t\t\t\t\t\t\t\t<\/h5>\n\t\t\t\t\t\t\t\n\t\t\t\t\t\t\t\t\t\t\t\t\t\t\t<p>(kont.) Systemkonzeption, Projektmanagement, Hard-\/Software-entwicklung \/ Key Partners: Industrie, Bahn, Wissenschaft, Forschung<\/p>\n\t\t\t\t\t\t\t\n\t\t\t\t\t\t\t\t\t\t\t\t\t<\/div>\n\t\t\t\t\t<\/div>\n\t\t\t\t<\/div>\n\n\t\t\t\n\t\t\t\t\n\t\t\t\t<div class=\"sow-features-feature sow-icon-container-position-top \" style=\"width: 33.333%\">\n\t\t\t\t\t<div class=\"feature-wrapper\">\n\t\t\t\t\t\t\t\t\t\t\t\t<div class=\"sow-icon-container sow-container-round\"\n\t\t                    style=\"color: #404040; \"\n\t\t\t\t\t\t\ttitle=\"Digitale Transformation\">\n\t\t\t\t\t\t\t<div class=\"sow-icon-image\" style=\"background-image: url(https:\/\/rdsa.at\/wp-content\/uploads\/2019\/11\/dRAMmap1-150x150.jpg); font-size: 24px\"><\/div>\t\t\t\t\t\t<\/div>\n\t\t\t\t\t\t\n\t\t\t\t\t\t<div class=\"textwidget\">\n\t\t\t\t\t\t\t\t\t\t\t\t\t\t\t<h5>\n\t\t\t\t\t\t\t\t\t\t\t\t\t\t\t\t\t\tDigitalisierung\t\t\t\t\t\t\t\t\t\t\t\t\t\t\t\t\t<\/h5>\n\t\t\t\t\t\t\t\n\t\t\t\t\t\t\t\t\t\t\t\t\t\t\t<p>(2019) Digitalisierung im System Bahn, Digitales Anlagen-Management, (<a href=\"https:\/\/www.dram.at\" target=\"_blank\" rel=\"noopener\">www.dram.at<\/a>), Kundenkreis: <span style=\"color: #ff6600\"><em><strong>Terminal-\/ Infra Betreiber<\/strong><\/em><\/span><\/p>\n\t\t\t\t\t\t\t\n\t\t\t\t\t\t\t\t\t\t\t\t\t<\/div>\n\t\t\t\t\t<\/div>\n\t\t\t\t<\/div>\n\n\t\t\t\n\t\t\t\t\n\t\t\t\t<div class=\"sow-features-feature sow-icon-container-position-top \" style=\"width: 33.333%\">\n\t\t\t\t\t<div class=\"feature-wrapper\">\n\t\t\t\t\t\t\t\t\t\t\t\t<div class=\"sow-icon-container sow-container-round\"\n\t\t                    style=\"color: #ffffff; \"\n\t\t\t\t\t\t\ttitle=\"TBSS\">\n\t\t\t\t\t\t\t<div class=\"sow-icon-image\" style=\"background-image: url(https:\/\/rdsa.at\/wp-content\/uploads\/2019\/11\/lob0430-e1574879784397-150x150.jpg); font-size: 24px\"><\/div>\t\t\t\t\t\t<\/div>\n\t\t\t\t\t\t\n\t\t\t\t\t\t<div class=\"textwidget\">\n\t\t\t\t\t\t\t\t\t\t\t\t\t\t\t<h5>\n\t\t\t\t\t\t\t\t\t\t\t\t\t\t\t\t\t\tTrackBuilder\t\t\t\t\t\t\t\t\t\t\t\t\t\t\t\t\t<\/h5>\n\t\t\t\t\t\t\t\n\t\t\t\t\t\t\t\t\t\t\t\t\t\t\t<p>(2018\/KF)<\/p>\n<p>GNSS Anwendung<\/p>\n<p>Gleisgenaue FZ-Ortung<\/p>\n<p>Vermessung Gleislage<\/p>\n<p>Digitales Gleismodell<\/p>\n\t\t\t\t\t\t\t\n\t\t\t\t\t\t\t\t\t\t\t\t\t<\/div>\n\t\t\t\t\t<\/div>\n\t\t\t\t<\/div>\n\n\t\t\t\n\t\t\t\t\t\t\t\t\t<div class=\"sow-features-clear\"><\/div>\n\t\t\t\t\n\t\t\t\t<div class=\"sow-features-feature sow-icon-container-position-top \" style=\"width: 33.333%\">\n\t\t\t\t\t<div class=\"feature-wrapper\">\n\t\t\t\t\t\t\t\t\t\t\t\t<div class=\"sow-icon-container sow-container-round\"\n\t\t                    style=\"color: #ffffff; \"\n\t\t\t\t\t\t\ttitle=\"Hydro-Lilly\">\n\t\t\t\t\t\t\t<div class=\"sow-icon-image\" style=\"background-image: url(https:\/\/rdsa.at\/wp-content\/uploads\/2019\/11\/Hydrolillygespannonly-150x150.jpg); font-size: 24px\"><\/div>\t\t\t\t\t\t<\/div>\n\t\t\t\t\t\t\n\t\t\t\t\t\t<div class=\"textwidget\">\n\t\t\t\t\t\t\t\t\t\t\t\t\t\t\t<h5>\n\t\t\t\t\t\t\t\t\t\t\t\t\t\t\t\t\t\tHydroLilly\t\t\t\t\t\t\t\t\t\t\t\t\t\t\t\t\t<\/h5>\n\t\t\t\t\t\t\t\n\t\t\t\t\t\t\t\t\t\t\t\t\t\t\t<p>(2018\/TRA Vienna)<\/p>\n<p>Projektkoordination<\/p>\n<p>Datenerfassung,<\/p>\n<p>(Web-)Visualisierung<\/p>\n\t\t\t\t\t\t\t\n\t\t\t\t\t\t\t\t\t\t\t\t\t\t\t<p class=\"sow-more-text\">\n\t\t\t\t\t\t\t\t\t\t\t\t\t\t\t\t\t\tmehr..\t\t\t\t\t\t\t\t\t\t\t\t\t\t\t\t\t<\/p>\n\t\t\t\t\t\t\t\t\t\t\t\t\t<\/div>\n\t\t\t\t\t<\/div>\n\t\t\t\t<\/div>\n\n\t\t\t\n\t\t\t\t\n\t\t\t\t<div class=\"sow-features-feature sow-icon-container-position-top \" style=\"width: 33.333%\">\n\t\t\t\t\t<div class=\"feature-wrapper\">\n\t\t\t\t\t\t\t\t\t\t\t\t<div class=\"sow-icon-container sow-container-round\"\n\t\t                    style=\"color: #ffffff; \"\n\t\t\t\t\t\t\ttitle=\"RFID-Middleware\">\n\t\t\t\t\t\t\t<div class=\"sow-icon-image\" style=\"background-image: url(https:\/\/rdsa.at\/wp-content\/uploads\/2016\/10\/RailReaderFuss-1-150x150.jpg); font-size: 24px\"><\/div>\t\t\t\t\t\t<\/div>\n\t\t\t\t\t\t\n\t\t\t\t\t\t<div class=\"textwidget\">\n\t\t\t\t\t\t\t\t\t\t\t\t\t\t\t<h5>\n\t\t\t\t\t\t\t\t\t\t\t\t\t\t\t\t\t\tRFID Middleware\t\t\t\t\t\t\t\t\t\t\t\t\t\t\t\t\t<\/h5>\n\t\t\t\t\t\t\t\n\t\t\t\t\t\t\t\t\t\t\t\t\t\t\t<p>(2015-2019)<\/p>\n<p>Large Scale Integration<\/p>\n<p>RFID Train Detektion &amp; Wagon identification<\/p>\n<p>300+ field stations, double Host<\/p>\n<p>Field station firmware,<\/p>\n<p>Host application<\/p>\n<p>Hotline service<\/p>\n\t\t\t\t\t\t\t\n\t\t\t\t\t\t\t\t\t\t\t\t\t\t\t<p class=\"sow-more-text\">\n\t\t\t\t\t\t\t\t\t\t\t\t\t\t\t\t\t\tmehr..\t\t\t\t\t\t\t\t\t\t\t\t\t\t\t\t\t<\/p>\n\t\t\t\t\t\t\t\t\t\t\t\t\t<\/div>\n\t\t\t\t\t<\/div>\n\t\t\t\t<\/div>\n\n\t\t\t\n\t\t\t\t\n\t\t\t\t<div class=\"sow-features-feature sow-icon-container-position-top \" style=\"width: 33.333%\">\n\t\t\t\t\t<div class=\"feature-wrapper\">\n\t\t\t\t\t\t\t\t\t\t\t\t<div class=\"sow-icon-container sow-container-round\"\n\t\t                    style=\"color: #ffffff; \"\n\t\t\t\t\t\t\ttitle=\"FreeSEAT\">\n\t\t\t\t\t\t\t<div class=\"sow-icon-image\" style=\"background-image: url(https:\/\/rdsa.at\/wp-content\/uploads\/2019\/11\/FreeSeat_rechts-150x150.jpg); font-size: 24px\"><\/div>\t\t\t\t\t\t<\/div>\n\t\t\t\t\t\t\n\t\t\t\t\t\t<div class=\"textwidget\">\n\t\t\t\t\t\t\t\t\t\t\t\t\t\t\t<h5>\n\t\t\t\t\t\t\t\t\t\t\t\t\t\t\t\t\t\tFreeSEAT\t\t\t\t\t\t\t\t\t\t\t\t\t\t\t\t\t<\/h5>\n\t\t\t\t\t\t\t\n\t\t\t\t\t\t\t\t\t\t\t\t\t\t\t<p>(2010-2015,2019)<\/p>\n<p> Detektion freier Sitzpl\u00e4tze<\/p>\n<p>im \u00d6PNV, Sensor &amp; Systementwicklung<\/p>\n<p><\/p>\t\t\t\t\t\t\t\n\t\t\t\t\t\t\t\t\t\t\t\t\t\t\t<p class=\"sow-more-text\">\n\t\t\t\t\t\t\t\t\t<a href=\"https:\/\/rdsa.at\/de\/services-2\/free-seat\/\" >\t\t\t\t\t\t\t\t\tmehr..\t\t\t\t\t\t\t\t\t<\/a>\t\t\t\t\t\t\t\t<\/p>\n\t\t\t\t\t\t\t\t\t\t\t\t\t<\/div>\n\t\t\t\t\t<\/div>\n\t\t\t\t<\/div>\n\n\t\t\t\n\t\t\t\t\t\t\t\t\t<div class=\"sow-features-clear\"><\/div>\n\t\t\t\t\n\t\t\t\t<div class=\"sow-features-feature sow-icon-container-position-top \" style=\"width: 33.333%\">\n\t\t\t\t\t<div class=\"feature-wrapper\">\n\t\t\t\t\t\t\t\t\t\t\t\t<div class=\"sow-icon-container sow-container-round\"\n\t\t                    style=\"color: #ffffff; \"\n\t\t\t\t\t\t\ttitle=\"Loponode\">\n\t\t\t\t\t\t\t<span class=\"sow-icon-icomoon\" data-sow-icon=\"&#xe91d;\"\n\t\tstyle=\"font-size: 24px; color: #261aaf\" \n\t\taria-hidden=\"true\"><\/span>\t\t\t\t\t\t<\/div>\n\t\t\t\t\t\t\n\t\t\t\t\t\t<div class=\"textwidget\">\n\t\t\t\t\t\t\t\t\t\t\t\t\t\t\t<h5>\n\t\t\t\t\t\t\t\t\t\t\t\t\t\t\t\t\t\tLoponode\t\t\t\t\t\t\t\t\t\t\t\t\t\t\t\t\t<\/h5>\n\t\t\t\t\t\t\t\n\t\t\t\t\t\t\t\t\t\t\t\t\t\t\t<p> Low-Power Kommunikationsknoten<\/p>\n<p>f\u00fcr Eisenbahn-Komponenten,<\/p>\n<p>eingebettet in universit\u00e4re<\/p>\n<p>Grundlagenforschung <\/p>\n<p><\/p>\t\t\t\t\t\t\t\n\t\t\t\t\t\t\t\t\t\t\t\t\t<\/div>\n\t\t\t\t\t<\/div>\n\t\t\t\t<\/div>\n\n\t\t\t\n\t\t\t\t\n\t\t\t\t<div class=\"sow-features-feature sow-icon-container-position-top \" style=\"width: 33.333%\">\n\t\t\t\t\t<div class=\"feature-wrapper\">\n\t\t\t\t\t\t\t\t\t\t\t\t<div class=\"sow-icon-container sow-container-round\"\n\t\t                    style=\"color: #ffffff; \"\n\t\t\t\t\t\t\ttitle=\"CargoMon\">\n\t\t\t\t\t\t\t<div class=\"sow-icon-image\" style=\"background-image: url(https:\/\/rdsa.at\/wp-content\/uploads\/2019\/11\/Goodtrain2_512px-150x150.jpg); font-size: 24px\"><\/div>\t\t\t\t\t\t<\/div>\n\t\t\t\t\t\t\n\t\t\t\t\t\t<div class=\"textwidget\">\n\t\t\t\t\t\t\t\t\t\t\t\t\t\t\t<h5>\n\t\t\t\t\t\t\t\t\t\t\t\t\t\t\t\t\t\tCargoMon\t\t\t\t\t\t\t\t\t\t\t\t\t\t\t\t\t<\/h5>\n\t\t\t\t\t\t\t\n\t\t\t\t\t\t\t\t\t\t\t\t\t\t\t<p> Monitoring und Optimierung des Umschlags von Containern LKW--&gt; Bahn, MBViT gef. Projekt <\/p>\n<p><\/p>\t\t\t\t\t\t\t\n\t\t\t\t\t\t\t\t\t\t\t\t\t<\/div>\n\t\t\t\t\t<\/div>\n\t\t\t\t<\/div>\n\n\t\t\t\n\t\t\t\t\n\t\t\t\t<div class=\"sow-features-feature sow-icon-container-position-top \" style=\"width: 33.333%\">\n\t\t\t\t\t<div class=\"feature-wrapper\">\n\t\t\t\t\t\t\t\t\t\t\t\t<div class=\"sow-icon-container sow-container-round\"\n\t\t                    style=\"color: #ffffff; \"\n\t\t\t\t\t\t\ttitle=\"EKIS-Light\">\n\t\t\t\t\t\t\t<span class=\"sow-icon-icomoon\" data-sow-icon=\"&#xe91a;\"\n\t\tstyle=\"font-size: 24px; color: #2418f9\" \n\t\taria-hidden=\"true\"><\/span>\t\t\t\t\t\t<\/div>\n\t\t\t\t\t\t\n\t\t\t\t\t\t<div class=\"textwidget\">\n\t\t\t\t\t\t\t\t\t\t\t\t\t\t\t<h5>\n\t\t\t\t\t\t\t\t\t\t\t\t\t\t\t\t\t\tEKIS-Light\t\t\t\t\t\t\t\t\t\t\t\t\t\t\t\t\t<\/h5>\n\t\t\t\t\t\t\t\n\t\t\t\t\t\t\t\t\t\t\t\t\t\t\t<p> Funkgest\u00fctzte Steuerung von Eisenbahn\u00fcberg\u00e4ngen von Nebenbahnen, BMViT gef. Projekt <\/p>\n<p><\/p>\t\t\t\t\t\t\t\n\t\t\t\t\t\t\t\t\t\t\t\t\t<\/div>\n\t\t\t\t\t<\/div>\n\t\t\t\t<\/div>\n\n\t\t\t\n\t\t\t\t\t\t\t\t\t<div class=\"sow-features-clear\"><\/div>\n\t\t\t\t\n\t\t\t\t<div class=\"sow-features-feature sow-icon-container-position-top sow-features-feature-last-row\" style=\"width: 33.333%\">\n\t\t\t\t\t<div class=\"feature-wrapper\">\n\t\t\t\t\t\t\t\t\t\t\t\t<div class=\"sow-icon-container sow-container-round\"\n\t\t                    style=\"color: #ffffff; \"\n\t\t\t\t\t\t\ttitle=\"TERF\">\n\t\t\t\t\t\t\t<div class=\"sow-icon-image\" style=\"background-image: url(https:\/\/rdsa.at\/wp-content\/uploads\/2016\/10\/TopSilder_Main_4-150x150.jpg); font-size: 24px\"><\/div>\t\t\t\t\t\t<\/div>\n\t\t\t\t\t\t\n\t\t\t\t\t\t<div class=\"textwidget\">\n\t\t\t\t\t\t\t\t\t\t\t\t\t\t\t<h5>\n\t\t\t\t\t\t\t\t\t\t\t\t\t\t\t\t\t\tTERF\t\t\t\t\t\t\t\t\t\t\t\t\t\t\t\t\t<\/h5>\n\t\t\t\t\t\t\t\n\t\t\t\t\t\t\t\t\t\t\t\t\t\t\t(English) <p>[de:] Trassengenaue Lokalisierung von Traktionsfahrzeugen und Einbingung in IKT-Intranet <\/p>\n<p>GPS based tracking &amp; tracing of locomotives , full integration into company-intranet<\/p>\t\t\t\t\t\t\t\n\t\t\t\t\t\t\t\t\t\t\t\t\t<\/div>\n\t\t\t\t\t<\/div>\n\t\t\t\t<\/div>\n\n\t\t\t\t\t\n\t<\/div><!-- .sow-features-list -->\n\n<\/div><!-- .section-sow-features -->\n<\/div><\/div><\/div><\/div><\/div><\/div>","protected":false},"excerpt":{"rendered":"<p>Schl\u00fcsselprojekte (Auszug) Eigenforschung (EF), gef\u00f6rdert (GF), Auftragsforschung (AF), Forschungskoopeation (FK) IT Consulting (kont.) Systemkonzeption, Projektmanagement, Hard-\/Software-entwicklung \/ Key Partners: Industrie, Bahn, Wissenschaft, Forschung Digitalisierung (2019) Digitalisierung im System Bahn, Digitales Anlagen-Management, (www.dram.at), Kundenkreis: Terminal-\/ Infra Betreiber TrackBuilder (2018\/KF) GNSS Anwendung <a href=\"https:\/\/rdsa.at\/de\/projects\/\" class=\"more-link\">Read More<\/a><\/p>\n","protected":false},"author":2,"featured_media":0,"parent":0,"menu_order":0,"comment_status":"closed","ping_status":"closed","template":"tpl-full-width.php","meta":[],"_links":{"self":[{"href":"https:\/\/rdsa.at\/de\/wp-json\/wp\/v2\/pages\/788"}],"collection":[{"href":"https:\/\/rdsa.at\/de\/wp-json\/wp\/v2\/pages"}],"about":[{"href":"https:\/\/rdsa.at\/de\/wp-json\/wp\/v2\/types\/page"}],"author":[{"embeddable":true,"href":"https:\/\/rdsa.at\/de\/wp-json\/wp\/v2\/users\/2"}],"replies":[{"embeddable":true,"href":"https:\/\/rdsa.at\/de\/wp-json\/wp\/v2\/comments?post=788"}],"version-history":[{"count":72,"href":"https:\/\/rdsa.at\/de\/wp-json\/wp\/v2\/pages\/788\/revisions"}],"predecessor-version":[{"id":861,"href":"https:\/\/rdsa.at\/de\/wp-json\/wp\/v2\/pages\/788\/revisions\/861"}],"wp:attachment":[{"href":"https:\/\/rdsa.at\/de\/wp-json\/wp\/v2\/media?parent=788"}],"curies":[{"name":"wp","href":"https:\/\/api.w.org\/{rel}","templated":true}]}}