{"id":696,"date":"2019-11-27T19:06:29","date_gmt":"2019-11-27T18:06:29","guid":{"rendered":"https:\/\/rdsa.at\/?page_id=696"},"modified":"2019-11-28T14:41:51","modified_gmt":"2019-11-28T13:41:51","slug":"gps-gnss","status":"publish","type":"page","link":"https:\/\/rdsa.at\/de\/services-2\/gps-gnss\/","title":{"rendered":"GPS\/GNSS Digitalisierung"},"content":{"rendered":"<p><\/p>\n<h1>GPS\/GNSS &#8211; L\u00f6sungen f\u00fcr die ..<\/h1>\n<ul>\n<li>Gleisgenaue Ortung von Schienenfahrzeugen in Echtzeit im Tagesbetrieb<img decoding=\"async\" loading=\"lazy\" class=\"alignright wp-image-667\" src=\"https:\/\/rdsa.at\/wp-content\/uploads\/2019\/11\/DSC05958-1024x768.jpg\" alt=\"\" width=\"343\" height=\"257\" \/><\/li>\n<li>Vermessung der Gleisanlagen, Erstellung von Gleislagepl\u00e4nen<\/li>\n<li>Keine Betriebseinschr\u00e4nkungen, Gleissperren, etc.<\/li>\n<li>Erstellung eines digitalen Gleismodell f\u00fcr weitere Digitalisierung im Anlagen-Management<\/li>\n<li>Dokumentation der Gleislage (2D\/3D),<\/li>\n<li>Erfassung der Gleisl\u00e4ngsneigung, Punktgenaue Dokumentation der Gleiskonditionen<\/li>\n<li>Unterst\u00fctzung eines effizienten Betriebs (Fortschrittskontrolle, Ortung, Monitoring)<\/li>\n<li>Erhebung von Befahrungsstatistiken, Verf\u00fcgbarkeiten,<\/li>\n<li>Echtzeit-Darstellung von Gleis-\/Anlagen-Kapazit\u00e4ten<\/li>\n<li>Basistechnologie f\u00fcr ATO-Technologien (hochgenaue Fahrzeugortung)<\/li>\n<\/ul>\n<p><img decoding=\"async\" loading=\"lazy\" class=\"size-full wp-image-690 alignleft\" src=\"https:\/\/rdsa.at\/wp-content\/uploads\/2019\/11\/Ausschnitt.png\" alt=\"\" width=\"238\" height=\"169\" \/><img decoding=\"async\" loading=\"lazy\" class=\"alignleft  wp-image-748\" src=\"https:\/\/rdsa.at\/wp-content\/uploads\/2019\/11\/dRAMmap1-300x210.jpg\" alt=\"\" width=\"240\" height=\"168\" srcset=\"https:\/\/rdsa.at\/wp-content\/uploads\/2019\/11\/dRAMmap1-300x210.jpg 300w, https:\/\/rdsa.at\/wp-content\/uploads\/2019\/11\/dRAMmap1.jpg 332w\" sizes=\"(max-width: 240px) 100vw, 240px\" \/><img decoding=\"async\" loading=\"lazy\" class=\"alignleft size-medium wp-image-705\" src=\"https:\/\/rdsa.at\/wp-content\/uploads\/2019\/11\/Lageplanskizze-e1574879736657-300x188.jpg\" alt=\"\" width=\"300\" height=\"188\" srcset=\"https:\/\/rdsa.at\/wp-content\/uploads\/2019\/11\/Lageplanskizze-e1574879736657-300x188.jpg 300w, https:\/\/rdsa.at\/wp-content\/uploads\/2019\/11\/Lageplanskizze-e1574879736657.jpg 508w\" sizes=\"(max-width: 300px) 100vw, 300px\" \/><img decoding=\"async\" loading=\"lazy\" class=\"alignleft  wp-image-706\" src=\"https:\/\/rdsa.at\/wp-content\/uploads\/2019\/11\/lob0430-e1574879784397-300x231.jpg\" alt=\"\" width=\"236\" height=\"182\" srcset=\"https:\/\/rdsa.at\/wp-content\/uploads\/2019\/11\/lob0430-e1574879784397-300x231.jpg 300w, https:\/\/rdsa.at\/wp-content\/uploads\/2019\/11\/lob0430-e1574879784397.jpg 724w\" sizes=\"(max-width: 236px) 100vw, 236px\" \/><\/p>","protected":false},"excerpt":{"rendered":"<p>GPS\/GNSS &#8211; L\u00f6sungen f\u00fcr die .. Gleisgenaue Ortung von Schienenfahrzeugen in Echtzeit im Tagesbetrieb Vermessung der Gleisanlagen, Erstellung von Gleislagepl\u00e4nen Keine Betriebseinschr\u00e4nkungen, Gleissperren, etc. Erstellung eines digitalen Gleismodell f\u00fcr weitere Digitalisierung im Anlagen-Management Dokumentation der Gleislage (2D\/3D), Erfassung der Gleisl\u00e4ngsneigung, <a href=\"https:\/\/rdsa.at\/de\/services-2\/gps-gnss\/\" class=\"more-link\">Read More<\/a><\/p>\n","protected":false},"author":2,"featured_media":0,"parent":309,"menu_order":6,"comment_status":"closed","ping_status":"closed","template":"","meta":[],"_links":{"self":[{"href":"https:\/\/rdsa.at\/de\/wp-json\/wp\/v2\/pages\/696"}],"collection":[{"href":"https:\/\/rdsa.at\/de\/wp-json\/wp\/v2\/pages"}],"about":[{"href":"https:\/\/rdsa.at\/de\/wp-json\/wp\/v2\/types\/page"}],"author":[{"embeddable":true,"href":"https:\/\/rdsa.at\/de\/wp-json\/wp\/v2\/users\/2"}],"replies":[{"embeddable":true,"href":"https:\/\/rdsa.at\/de\/wp-json\/wp\/v2\/comments?post=696"}],"version-history":[{"count":14,"href":"https:\/\/rdsa.at\/de\/wp-json\/wp\/v2\/pages\/696\/revisions"}],"predecessor-version":[{"id":770,"href":"https:\/\/rdsa.at\/de\/wp-json\/wp\/v2\/pages\/696\/revisions\/770"}],"up":[{"embeddable":true,"href":"https:\/\/rdsa.at\/de\/wp-json\/wp\/v2\/pages\/309"}],"wp:attachment":[{"href":"https:\/\/rdsa.at\/de\/wp-json\/wp\/v2\/media?parent=696"}],"curies":[{"name":"wp","href":"https:\/\/api.w.org\/{rel}","templated":true}]}}