{"id":56,"date":"2018-01-12T09:34:54","date_gmt":"2018-01-12T08:34:54","guid":{"rendered":"http:\/\/demo.wenthemes.com\/surya-chandra-lite\/?page_id=56"},"modified":"2019-12-02T20:18:51","modified_gmt":"2019-12-02T19:18:51","slug":"about-us-2","status":"publish","type":"page","link":"https:\/\/rdsa.at\/de\/about-us-2\/","title":{"rendered":"Das Unternehmen"},"content":{"rendered":"<p><\/p>\n<ul>\n<li><strong>Mehr als 25 Jahre Erfahrung<\/strong> im Bereichen der technischen IT und Transportwesen (gegr. 1993)<img decoding=\"async\" loading=\"lazy\" class=\"alignright size-medium wp-image-173\" src=\"https:\/\/rdsa.at\/wp-content\/uploads\/2016\/10\/WALEM_rechts-300x292.jpg\" alt=\"\" width=\"300\" height=\"292\" srcset=\"https:\/\/rdsa.at\/wp-content\/uploads\/2016\/10\/WALEM_rechts-300x292.jpg 300w, https:\/\/rdsa.at\/wp-content\/uploads\/2016\/10\/WALEM_rechts.jpg 430w\" sizes=\"(max-width: 300px) 100vw, 300px\" \/><\/li>\n<li><strong>Allgemeine Dienstleistungen<\/strong>: Consulting, Systems Engineering, Projekt Management, Senior Research<\/li>\n<li><strong>Forschung und Entwicklung von Systeml\u00f6sungen<\/strong> im Bereich Transport und Mobilit\u00e4t,<\/li>\n<li><strong>Spezialgebiet Schienentransport<\/strong><\/li>\n<li><strong>Entwicklung von Hard- und Softwarekomponenten<\/strong>, Systemkonzept und Design. Pilotierung und Betrieb<\/li>\n<li><strong>Konzeption<\/strong> und Durchf\u00fchrung von Feldtests. Inbetriebnahme, Wartung und \u00dcberwachung von installierten Ger\u00e4ten<\/li>\n<li>Technische <strong>Grundlagenforschungen<\/strong>, enger Kontakt mit Wissenschaft und Schulung<\/li>\n<\/ul>\n<p><strong>Railway-Solutions:<\/strong><\/p>\n<ul>\n<li style=\"list-style-type: none;\">\n<ul>\n<li><strong>RFID<\/strong> basierende automatische Identifikation von Schienenfahrzeugen mit Hilfe von AVI Technologien.<\/li>\n<li>Dauermonitoring und Detailanalyse von Zug-<strong>L\u00e4rmemissionen<\/strong><\/li>\n<li><strong>Hochgenaue GNSS Verortung<\/strong> von Schienenfahrzeugen und\u00a0Vermessung\u00a0 von Gleisanlagen<\/li>\n<li><strong>Digitale Transformation<\/strong> im Schienentransport (Terminalmanagement)<\/li>\n<\/ul>\n<\/li>\n<li><strong>Team<\/strong>: Hard- und Software Entwickler, Systemintegratoren mit langj\u00e4hriger Erfahrung im Industrie und Bahnsektor<img decoding=\"async\" loading=\"lazy\" class=\"alignright size-medium wp-image-276\" src=\"https:\/\/rdsa.at\/wp-content\/uploads\/2018\/01\/page-5-1-300x188.jpg\" alt=\"\" width=\"300\" height=\"188\" srcset=\"https:\/\/rdsa.at\/wp-content\/uploads\/2018\/01\/page-5-1-300x188.jpg 300w, https:\/\/rdsa.at\/wp-content\/uploads\/2018\/01\/page-5-1-768x480.jpg 768w, https:\/\/rdsa.at\/wp-content\/uploads\/2018\/01\/page-5-1.jpg 800w\" sizes=\"(max-width: 300px) 100vw, 300px\" \/><\/li>\n<\/ul>\n<p><\/p>","protected":false},"excerpt":{"rendered":"<p>Mehr als 25 Jahre Erfahrung im Bereichen der technischen IT und Transportwesen (gegr. 1993) Allgemeine Dienstleistungen: Consulting, Systems Engineering, Projekt Management, Senior Research Forschung und Entwicklung von Systeml\u00f6sungen im Bereich Transport und Mobilit\u00e4t, Spezialgebiet Schienentransport Entwicklung von Hard- und Softwarekomponenten, <a href=\"https:\/\/rdsa.at\/de\/about-us-2\/\" class=\"more-link\">Read More<\/a><\/p>\n","protected":false},"author":2,"featured_media":0,"parent":0,"menu_order":0,"comment_status":"closed","ping_status":"closed","template":"","meta":[],"_links":{"self":[{"href":"https:\/\/rdsa.at\/de\/wp-json\/wp\/v2\/pages\/56"}],"collection":[{"href":"https:\/\/rdsa.at\/de\/wp-json\/wp\/v2\/pages"}],"about":[{"href":"https:\/\/rdsa.at\/de\/wp-json\/wp\/v2\/types\/page"}],"author":[{"embeddable":true,"href":"https:\/\/rdsa.at\/de\/wp-json\/wp\/v2\/users\/2"}],"replies":[{"embeddable":true,"href":"https:\/\/rdsa.at\/de\/wp-json\/wp\/v2\/comments?post=56"}],"version-history":[{"count":41,"href":"https:\/\/rdsa.at\/de\/wp-json\/wp\/v2\/pages\/56\/revisions"}],"predecessor-version":[{"id":782,"href":"https:\/\/rdsa.at\/de\/wp-json\/wp\/v2\/pages\/56\/revisions\/782"}],"wp:attachment":[{"href":"https:\/\/rdsa.at\/de\/wp-json\/wp\/v2\/media?parent=56"}],"curies":[{"name":"wp","href":"https:\/\/api.w.org\/{rel}","templated":true}]}}