{"id":5,"date":"2018-01-12T07:50:11","date_gmt":"2018-01-12T07:50:11","guid":{"rendered":"http:\/\/demo.wenthemes.com\/surya-chandra-lite\/?page_id=5"},"modified":"2019-12-02T20:10:09","modified_gmt":"2019-12-02T19:10:09","slug":"home-v1","status":"publish","type":"page","link":"https:\/\/rdsa.at\/de\/","title":{"rendered":"Home"},"content":{"rendered":"<div id=\"pl-5\"  class=\"panel-layout\" ><div id=\"pg-5-0\"  class=\"panel-grid panel-has-style\" ><div class=\"siteorigin-panels-stretch panel-row-style-full-stretched panel-row-style panel-row-style-for-5-0\" data-stretch-type=\"full-stretched\" ><div id=\"pgc-5-0-0\"  class=\"panel-grid-cell\" ><div id=\"panel-5-0-0-0\" class=\"so-panel widget widget_sow-hero panel-first-child panel-last-child\" data-index=\"0\" ><div\n\t\t\t\n\t\t\tclass=\"so-widget-sow-hero so-widget-sow-hero-default-74bc17a7cbdd-5 so-widget-fittext-wrapper\"\n\t\t\t data-fit-text-compressor=\"0.85\"\n\t\t>\t\t\t\t<div class=\"sow-slider-base\" style=\"display: none\">\n\t\t\t\t\t<ul\n\t\t\t\t\tclass=\"sow-slider-images\"\n\t\t\t\t\tdata-settings=\"{&quot;pagination&quot;:true,&quot;speed&quot;:800,&quot;timeout&quot;:8000,&quot;paused&quot;:false,&quot;pause_on_hover&quot;:false,&quot;swipe&quot;:true,&quot;nav_always_show_desktop&quot;:&quot;&quot;,&quot;nav_always_show_mobile&quot;:&quot;&quot;,&quot;breakpoint&quot;:&quot;780px&quot;,&quot;unmute&quot;:false,&quot;anchor&quot;:null}\"\n\t\t\t\t\tstyle=\"min-height: 600px\"\t\t\t\t\tdata-anchor-id=\"\"\n\t\t\t\t>\t\t<li class=\"sow-slider-image  sow-slider-image-cover\" style=\"visibility: visible;;background-color: #333333;background-image: url(https:\/\/rdsa.at\/wp-content\/uploads\/2019\/11\/Slider1-1024x453.jpg)\" >\n\t\t\t\t\t<div class=\"sow-slider-image-container\">\n\t\t\t<div class=\"sow-slider-image-wrapper\">\n\t\t\t\t<h1 style=\"text-align: left\"><strong>Prosoft S\u00dcD Consulting GmbH<\/strong><\/h1>\n<p style=\"text-align: left\">Zugerkennung &amp; AVI System \"RAIL-READER\"<\/p>\n<p style=\"text-align: left\">[Buttons]<\/p>\t\t\t<\/div>\n\t\t<\/div>\n\t\t\t\t<\/li>\n\t\t\t\t<li class=\"sow-slider-image  sow-slider-image-cover\" style=\"visibility: hidden;;background-color: #333333;background-image: url(https:\/\/rdsa.at\/wp-content\/uploads\/2019\/11\/WALEM_slider.jpg)\" >\n\t\t\t\t\t<div class=\"sow-slider-image-container\">\n\t\t\t<div class=\"sow-slider-image-wrapper\">\n\t\t\t\t<h1 style=\"text-align: left\"><strong>Prosoft S\u00dcD Consulting GmbH<\/strong><\/h1>\n<p style=\"text-align: left\">\"WALEM\"-L\u00e4rm\u00fcberwachung <\/p>\n<p style=\"text-align: left\">[Buttons]<\/p>\t\t\t<\/div>\n\t\t<\/div>\n\t\t\t\t<\/li>\n\t\t\t\t<li class=\"sow-slider-image  sow-slider-image-cover\" style=\"visibility: hidden;;background-color: #333333;background-image: url(https:\/\/rdsa.at\/wp-content\/uploads\/2019\/11\/KesselwagenWinter_Slider.jpg)\" >\n\t\t\t\t\t<div class=\"sow-slider-image-container\">\n\t\t\t<div class=\"sow-slider-image-wrapper\">\n\t\t\t\t<h1 style=\"text-align: left\"><strong>Prosoft S\u00dcD Consulting GmbH<\/strong><\/h1>\n<p style=\"text-align: left\">Consulting, Systems Engineering, Projekt Management, Entwicklung von SCADA Systemen f\u00fcr Schiene, Transport und Mobilit\u00e4t<\/p>\n<p>&nbsp;<\/p>\t\t\t<\/div>\n\t\t<\/div>\n\t\t\t\t<\/li>\n\t\t\t\t<li class=\"sow-slider-image  sow-slider-image-cover\" style=\"visibility: hidden;;background-color: #333333;background-image: url(https:\/\/rdsa.at\/wp-content\/uploads\/2019\/11\/DSC05958-1024x768.jpg)\" >\n\t\t\t\t\t<div class=\"sow-slider-image-container\">\n\t\t\t<div class=\"sow-slider-image-wrapper\">\n\t\t\t\t<h1 style=\"text-align: left\"><strong>Prosoft S\u00dcD Consulting GmbH<\/strong><\/h1>\n<p style=\"text-align: left\">GPS\/GNSS basierende <strong>gleisgenaue<\/strong> Fahrzeugverortung und Gleislagevermessung<\/p>\n<div class=\"sow-hero-buttons\" style=\"text-align: left\"><div\n\t\t\t\n\t\t\tclass=\"so-widget-sow-button so-widget-sow-button-flat-d075641cff8d\"\n\t\t\t\n\t\t><div class=\"ow-button-base ow-button-align-center\">\n\t<a\n\thref=\"https:\/\/rdsa.at\/de\/services-2\/free-seat\/\"\n\t\tclass=\"ow-icon-placement-left ow-button-hover\" \t>\n\t\t<span>\n\t\t\t\n\t\t\tmehr\t\t<\/span>\n\t<\/a>\n<\/div>\n<\/div><\/div>\t\t\t<\/div>\n\t\t<\/div>\n\t\t\t\t<\/li>\n\t\t<\/ul>\t\t\t\t<ol class=\"sow-slider-pagination\">\n\t\t\t\t\t\t\t\t\t\t\t<li><a href=\"#\" data-goto=\"0\" aria-label=\"display slide 1\"><\/a><\/li>\n\t\t\t\t\t\t\t\t\t\t\t<li><a href=\"#\" data-goto=\"1\" aria-label=\"display slide 2\"><\/a><\/li>\n\t\t\t\t\t\t\t\t\t\t\t<li><a href=\"#\" data-goto=\"2\" aria-label=\"display slide 3\"><\/a><\/li>\n\t\t\t\t\t\t\t\t\t\t\t<li><a href=\"#\" data-goto=\"3\" aria-label=\"display slide 4\"><\/a><\/li>\n\t\t\t\t\t\t\t\t\t<\/ol>\n\n\t\t\t\t<div class=\"sow-slide-nav sow-slide-nav-next\">\n\t\t\t\t\t<a href=\"#\" data-goto=\"next\" aria-label=\"next slide\" data-action=\"next\">\n\t\t\t\t\t\t<em class=\"sow-sld-icon-ultra-thin-right\"><\/em>\n\t\t\t\t\t<\/a>\n\t\t\t\t<\/div>\n\n\t\t\t\t<div class=\"sow-slide-nav sow-slide-nav-prev\">\n\t\t\t\t\t<a href=\"#\" data-goto=\"previous\" aria-label=\"previous slide\" data-action=\"prev\">\n\t\t\t\t\t\t<em class=\"sow-sld-icon-ultra-thin-left\"><\/em>\n\t\t\t\t\t<\/a>\n\t\t\t\t<\/div>\n\t\t\t\t<\/div><\/div><\/div><\/div><\/div><\/div><div id=\"pg-5-1\"  class=\"panel-grid panel-has-style\" ><div class=\"siteorigin-panels-stretch panel-row-style-full-width panel-row-style panel-row-style-for-5-1\" data-stretch-type=\"full\" ><div id=\"pgc-5-1-0\"  class=\"panel-grid-cell\" ><div id=\"panel-5-1-0-0\" class=\"so-panel widget widget_surya-chandra-special-page panel-first-child panel-last-child\" data-index=\"1\" ><div\n\t\t\t\n\t\t\tclass=\"so-widget-surya-chandra-special-page so-widget-surya-chandra-special-page-default-d75171398898-5\"\n\t\t\t\n\t\t>\n<div class=\"section section-special-page heading-left\">\n\n\t\n\t\t\t<h3 class=\"widget-title\">\u00dcber uns<\/h3>\t\n\t\t\t<p class=\"widget-subtitle\">Das Unternehmen<\/p>\n\t\n\t\t\t\t\t\n\t\t\t<div class=\"special-page-section\">\n\t\t\t\t\t\t\t\t\t\t\t\t\t<ul>\n<li><strong>Mehr als 25 Jahre Erfahrung<\/strong> im Bereichen der technischen IT und Transportwesen (gegr. 1993)<img decoding=\"async\" loading=\"lazy\" class=\"alignright size-medium wp-image-173\" src=\"https:\/\/rdsa.at\/wp-content\/uploads\/2016\/10\/WALEM_rechts-300x292.jpg\" alt=\"\" width=\"300\" height=\"292\" srcset=\"https:\/\/rdsa.at\/wp-content\/uploads\/2016\/10\/WALEM_rechts-300x292.jpg 300w, https:\/\/rdsa.at\/wp-content\/uploads\/2016\/10\/WALEM_rechts.jpg 430w\" sizes=\"(max-width: 300px) 100vw, 300px\" \/><\/li>\n<li><strong>Allgemeine Dienstleistungen<\/strong>: Consulting, Systems Engineering, Projekt Management, Senior Research<\/li>\n<li><strong>Forschung und Entwicklung von Systeml\u00f6sungen<\/strong> im Bereich Transport und Mobilit\u00e4t,<\/li>\n<li><strong>Spezialgebiet Schienentransport<\/strong><\/li>\n<li><strong>Entwicklung von Hard- und Softwarekomponenten<\/strong>, Systemkonzept und Design. Pilotierung und Betrieb<\/li>\n<li><strong>Konzeption<\/strong> und Durchf\u00fchrung von Feldtests. Inbetriebnahme, Wartung und \u00dcberwachung von installierten Ger\u00e4ten<\/li>\n<li>Technische <strong>Grundlagenforschungen<\/strong>, enger Kontakt mit Wissenschaft und Schulung<\/li>\n<\/ul>\n<p><strong>Railway-Solutions:<\/strong><\/p>\n<ul>\n<li style=\"list-style-type: none;\">\n<ul>\n<li><strong>RFID<\/strong> basierende automatische Identifikation von Schienenfahrzeugen mit Hilfe von AVI Technologien.<\/li>\n<li>Dauermonitoring und Detailanalyse von Zug-<strong>L\u00e4rmemissionen<\/strong><\/li>\n<li><strong>Hochgenaue GNSS Verortung<\/strong> von Schienenfahrzeugen und\u00a0Vermessung\u00a0 von Gleisanlagen<\/li>\n<li><strong>Digitale Transformation<\/strong> im Schienentransport (Terminalmanagement)<\/li>\n<\/ul>\n<\/li>\n<li><strong>Team<\/strong>: Hard- und Software Entwickler, Systemintegratoren mit langj\u00e4hriger Erfahrung im Industrie und Bahnsektor<img decoding=\"async\" loading=\"lazy\" class=\"alignright size-medium wp-image-276\" src=\"https:\/\/rdsa.at\/wp-content\/uploads\/2018\/01\/page-5-1-300x188.jpg\" alt=\"\" width=\"300\" height=\"188\" srcset=\"https:\/\/rdsa.at\/wp-content\/uploads\/2018\/01\/page-5-1-300x188.jpg 300w, https:\/\/rdsa.at\/wp-content\/uploads\/2018\/01\/page-5-1-768x480.jpg 768w, https:\/\/rdsa.at\/wp-content\/uploads\/2018\/01\/page-5-1.jpg 800w\" sizes=\"(max-width: 300px) 100vw, 300px\" \/><\/li>\n<\/ul>\n\t\t\t\t\t\t\t\t\t<\/div><!-- .special-page-section -->\n\n\t\t\n\t\n<\/div><!-- .section-special-page -->\n<\/div><\/div><\/div><\/div><\/div><div id=\"pg-5-2\"  class=\"panel-grid panel-has-style\" ><div class=\"siteorigin-panels-stretch panel-row-style-full-width panel-row-style panel-row-style-for-5-2\" data-stretch-type=\"full\" ><div id=\"pgc-5-2-0\"  class=\"panel-grid-cell\" ><div id=\"panel-5-2-0-0\" class=\"so-panel widget widget_sow-features panel-first-child panel-last-child\" data-index=\"2\" ><div\n\t\t\t\n\t\t\tclass=\"so-widget-sow-features so-widget-sow-features-default-33692c1312cb-56\"\n\t\t\t\n\t\t>\n<div class=\"section-sow-features heading-center\">\n\n\t\t\t<h3 class=\"widget-title\">Unsere Leistungen<\/h3>\t\n\t\t\t<p class=\"widget-subtitle\">Folgende Produkte und Dienstleistungen werden derzeit von uns angeboten<\/p>\n\t\n\t<div class=\"sow-features-list sow-features-responsive\">\n\n\t\t\t\t\t\n\t\t\t\t\n\t\t\t\t<div class=\"sow-features-feature sow-icon-container-position-top sow-features-feature-last-row\" style=\"width: 25%\">\n\t\t\t\t\t<div class=\"feature-wrapper\">\n\t\t\t\t\t\t<a href=\"\" >\t\t\t\t\t\t<div class=\"sow-icon-container sow-container-none\"\n\t\t                    style=\"color: #27d2f4; \"\n\t\t\t\t\t\t\ttitle=\"Rail Reader\">\n\t\t\t\t\t\t\t<div class=\"sow-icon-image\" style=\"background-image: url(https:\/\/rdsa.at\/wp-content\/uploads\/2019\/11\/reader_icon-1.jpg); font-size: 40px\"><\/div>\t\t\t\t\t\t<\/div>\n\t\t\t\t\t\t<\/a>\n\t\t\t\t\t\t<div class=\"textwidget\">\n\t\t\t\t\t\t\t\t\t\t\t\t\t\t\t<h5>\n\t\t\t\t\t\t\t\t\t<a href=\"\" >\t\t\t\t\t\t\t\t\tRail Reader\t\t\t\t\t\t\t\t\t<\/a>\t\t\t\t\t\t\t\t<\/h5>\n\t\t\t\t\t\t\t\n\t\t\t\t\t\t\t\t\t\t\t\t\t\t\t<p> Zug- und Wagenerkennung mit Hilfe von RFID<\/p>\t\t\t\t\t\t\t\n\t\t\t\t\t\t\t\t\t\t\t\t\t<\/div>\n\t\t\t\t\t<\/div>\n\t\t\t\t<\/div>\n\n\t\t\t\n\t\t\t\t\n\t\t\t\t<div class=\"sow-features-feature sow-icon-container-position-top sow-features-feature-last-row\" style=\"width: 25%\">\n\t\t\t\t\t<div class=\"feature-wrapper\">\n\t\t\t\t\t\t<a href=\"https:\/\/rdsa.at\/de\/services-2\/walem-noisemonitoring\/\" >\t\t\t\t\t\t<div class=\"sow-icon-container sow-container-none\"\n\t\t                    style=\"color: #ffffff; \"\n\t\t\t\t\t\t\ttitle=\"Strategy\">\n\t\t\t\t\t\t\t<div class=\"sow-icon-image\" style=\"background-image: url(https:\/\/rdsa.at\/wp-content\/uploads\/2019\/11\/WALEM_icon.jpg); font-size: 40px\"><\/div>\t\t\t\t\t\t<\/div>\n\t\t\t\t\t\t<\/a>\n\t\t\t\t\t\t<div class=\"textwidget\">\n\t\t\t\t\t\t\t\t\t\t\t\t\t\t\t<h5>\n\t\t\t\t\t\t\t\t\t<a href=\"https:\/\/rdsa.at\/de\/services-2\/walem-noisemonitoring\/\" >\t\t\t\t\t\t\t\t\tWalem\t\t\t\t\t\t\t\t\t<\/a>\t\t\t\t\t\t\t\t<\/h5>\n\t\t\t\t\t\t\t\n\t\t\t\t\t\t\t\t\t\t\t\t\t\t\t<p> Dauer-Monitoring von Bahnl\u00e4rm-Emissionen<\/p>\t\t\t\t\t\t\t\n\t\t\t\t\t\t\t\t\t\t\t\t\t<\/div>\n\t\t\t\t\t<\/div>\n\t\t\t\t<\/div>\n\n\t\t\t\n\t\t\t\t\n\t\t\t\t<div class=\"sow-features-feature sow-icon-container-position-top sow-features-feature-last-row\" style=\"width: 25%\">\n\t\t\t\t\t<div class=\"feature-wrapper\">\n\t\t\t\t\t\t<a href=\"https:\/\/rdsa.at\/de\/services-2\/free-seat\/\" >\t\t\t\t\t\t<div class=\"sow-icon-container sow-container-none\"\n\t\t                    style=\"color: #ffffff; \"\n\t\t\t\t\t\t\ttitle=\"Management\">\n\t\t\t\t\t\t\t<div class=\"sow-icon-image\" style=\"background-image: url(https:\/\/rdsa.at\/wp-content\/uploads\/2019\/11\/FreeSeat_rechts.jpg); font-size: 40px\"><\/div>\t\t\t\t\t\t<\/div>\n\t\t\t\t\t\t<\/a>\n\t\t\t\t\t\t<div class=\"textwidget\">\n\t\t\t\t\t\t\t\t\t\t\t\t\t\t\t<h5>\n\t\t\t\t\t\t\t\t\t<a href=\"https:\/\/rdsa.at\/de\/services-2\/free-seat\/\" >\t\t\t\t\t\t\t\t\tFree SEAT\t\t\t\t\t\t\t\t\t<\/a>\t\t\t\t\t\t\t\t<\/h5>\n\t\t\t\t\t\t\t\n\t\t\t\t\t\t\t\t\t\t\t\t\t\t\t<p> Sitzbelegungserkennung im \u00f6ffentlichen Transport<\/p>\t\t\t\t\t\t\t\n\t\t\t\t\t\t\t\t\t\t\t\t\t<\/div>\n\t\t\t\t\t<\/div>\n\t\t\t\t<\/div>\n\n\t\t\t\n\t\t\t\t\n\t\t\t\t<div class=\"sow-features-feature sow-icon-container-position-top sow-features-feature-last-row\" style=\"width: 25%\">\n\t\t\t\t\t<div class=\"feature-wrapper\">\n\t\t\t\t\t\t<a href=\"https:\/\/rdsa.at\/de\/services-2\/gps-gnss\/\" >\t\t\t\t\t\t<div class=\"sow-icon-container sow-container-none\"\n\t\t                    style=\"color: #404040; \"\n\t\t\t\t\t\t\ttitle=\"GPS \/ GNSS\">\n\t\t\t\t\t\t\t<div class=\"sow-icon-image\" style=\"background-image: url(https:\/\/rdsa.at\/wp-content\/uploads\/2019\/11\/Ausschnitt.png); font-size: 40px\"><\/div>\t\t\t\t\t\t<\/div>\n\t\t\t\t\t\t<\/a>\n\t\t\t\t\t\t<div class=\"textwidget\">\n\t\t\t\t\t\t\t\t\t\t\t\t\t\t\t<h5>\n\t\t\t\t\t\t\t\t\t<a href=\"https:\/\/rdsa.at\/de\/services-2\/gps-gnss\/\" >\t\t\t\t\t\t\t\t\tGPS\/GNSS\t\t\t\t\t\t\t\t\t<\/a>\t\t\t\t\t\t\t\t<\/h5>\n\t\t\t\t\t\t\t\n\t\t\t\t\t\t\t\t\t\t\t\t\t\t\t<p>GPS\/Hochgenaue GNSS Ortung und Gleis-Vermessung<\/p>\n<p><\/p>\t\t\t\t\t\t\t\n\t\t\t\t\t\t\t\t\t\t\t\t\t<\/div>\n\t\t\t\t\t<\/div>\n\t\t\t\t<\/div>\n\n\t\t\t\t\t\n\t<\/div><!-- .sow-features-list -->\n\n<\/div><!-- .section-sow-features -->\n<\/div><\/div><\/div><\/div><\/div><\/div>","protected":false},"excerpt":{"rendered":"","protected":false},"author":2,"featured_media":0,"parent":0,"menu_order":0,"comment_status":"closed","ping_status":"closed","template":"tpl-builders.php","meta":[],"_links":{"self":[{"href":"https:\/\/rdsa.at\/de\/wp-json\/wp\/v2\/pages\/5"}],"collection":[{"href":"https:\/\/rdsa.at\/de\/wp-json\/wp\/v2\/pages"}],"about":[{"href":"https:\/\/rdsa.at\/de\/wp-json\/wp\/v2\/types\/page"}],"author":[{"embeddable":true,"href":"https:\/\/rdsa.at\/de\/wp-json\/wp\/v2\/users\/2"}],"replies":[{"embeddable":true,"href":"https:\/\/rdsa.at\/de\/wp-json\/wp\/v2\/comments?post=5"}],"version-history":[{"count":90,"href":"https:\/\/rdsa.at\/de\/wp-json\/wp\/v2\/pages\/5\/revisions"}],"predecessor-version":[{"id":780,"href":"https:\/\/rdsa.at\/de\/wp-json\/wp\/v2\/pages\/5\/revisions\/780"}],"wp:attachment":[{"href":"https:\/\/rdsa.at\/de\/wp-json\/wp\/v2\/media?parent=5"}],"curies":[{"name":"wp","href":"https:\/\/api.w.org\/{rel}","templated":true}]}}