{"id":309,"date":"2018-01-12T07:50:11","date_gmt":"2018-01-12T07:50:11","guid":{"rendered":"http:\/\/demo.wenthemes.com\/surya-chandra-lite\/?page_id=12"},"modified":"2019-12-02T20:21:24","modified_gmt":"2019-12-02T19:21:24","slug":"services-2","status":"publish","type":"page","link":"https:\/\/rdsa.at\/de\/services-2\/","title":{"rendered":"Produkte"},"content":{"rendered":"<div id=\"pl-309\"  class=\"panel-layout\" ><div id=\"pg-309-0\"  class=\"panel-grid panel-has-style\" ><div class=\"siteorigin-panels-stretch panel-row-style-full-width panel-row-style panel-row-style-for-309-0\" data-stretch-type=\"full\" ><div id=\"pgc-309-0-0\"  class=\"panel-grid-cell\" ><div id=\"panel-309-0-0-0\" class=\"so-panel widget widget_sow-features panel-first-child panel-last-child\" data-index=\"0\" ><div\n\t\t\t\n\t\t\tclass=\"so-widget-sow-features so-widget-sow-features-default-33692c1312cb-309\"\n\t\t\t\n\t\t>\n<div class=\"section-sow-features heading-center\">\n\n\t\t\t<h3 class=\"widget-title\">Produkte und Leistungen<\/h3>\t\n\t\t\t<p class=\"widget-subtitle\">Wir bieten folgende Produkte und Dienstleistungen an:<\/p>\n\t\n\t<div class=\"sow-features-list sow-features-responsive\">\n\n\t\t\t\t\t\n\t\t\t\t\n\t\t\t\t<div class=\"sow-features-feature sow-icon-container-position-top sow-features-feature-last-row\" style=\"width: 25%\">\n\t\t\t\t\t<div class=\"feature-wrapper\">\n\t\t\t\t\t\t<a href=\"https:\/\/rdsa.at\/de\/services-2\/rail-reader\/\" >\t\t\t\t\t\t<div class=\"sow-icon-container sow-container-none\"\n\t\t                    style=\"color: #ffffff; \"\n\t\t\t\t\t\t\ttitle=\"Finance\">\n\t\t\t\t\t\t\t<div class=\"sow-icon-image\" style=\"background-image: url(https:\/\/rdsa.at\/wp-content\/uploads\/2019\/11\/reader_icon-1.jpg); font-size: 40px\"><\/div>\t\t\t\t\t\t<\/div>\n\t\t\t\t\t\t<\/a>\n\t\t\t\t\t\t<div class=\"textwidget\">\n\t\t\t\t\t\t\t\t\t\t\t\t\t\t\t<h5>\n\t\t\t\t\t\t\t\t\t<a href=\"https:\/\/rdsa.at\/de\/services-2\/rail-reader\/\" >\t\t\t\t\t\t\t\t\tRail Reader\t\t\t\t\t\t\t\t\t<\/a>\t\t\t\t\t\t\t\t<\/h5>\n\t\t\t\t\t\t\t\n\t\t\t\t\t\t\t\t\t\t\t\t\t\t\t<p><\/p>\n<p>Zug und Wagonerkennung gem\u00e4ss \"RFID-In-Rail\" Spezifikation<\/p>\t\t\t\t\t\t\t\n\t\t\t\t\t\t\t\t\t\t\t\t\t<\/div>\n\t\t\t\t\t<\/div>\n\t\t\t\t<\/div>\n\n\t\t\t\n\t\t\t\t\n\t\t\t\t<div class=\"sow-features-feature sow-icon-container-position-top sow-features-feature-last-row\" style=\"width: 25%\">\n\t\t\t\t\t<div class=\"feature-wrapper\">\n\t\t\t\t\t\t<a href=\"https:\/\/rdsa.at\/de\/services-2\/walem-noisemonitoring\/\" >\t\t\t\t\t\t<div class=\"sow-icon-container sow-container-none\"\n\t\t                    style=\"color: #ffffff; \"\n\t\t\t\t\t\t\ttitle=\"Strategy\">\n\t\t\t\t\t\t\t<div class=\"sow-icon-image\" style=\"background-image: url(https:\/\/rdsa.at\/wp-content\/uploads\/2019\/11\/WALEM_icon.jpg); font-size: 40px\"><\/div>\t\t\t\t\t\t<\/div>\n\t\t\t\t\t\t<\/a>\n\t\t\t\t\t\t<div class=\"textwidget\">\n\t\t\t\t\t\t\t\t\t\t\t\t\t\t\t<h5>\n\t\t\t\t\t\t\t\t\t<a href=\"https:\/\/rdsa.at\/de\/services-2\/walem-noisemonitoring\/\" >\t\t\t\t\t\t\t\t\tWalem\t\t\t\t\t\t\t\t\t<\/a>\t\t\t\t\t\t\t\t<\/h5>\n\t\t\t\t\t\t\t\n\t\t\t\t\t\t\t\t\t\t\t\t\t\t\t<p><\/p>\n<p>Dauer-Monitoring der Bahn-L\u00e4rmemission<\/p>\t\t\t\t\t\t\t\n\t\t\t\t\t\t\t\t\t\t\t\t\t<\/div>\n\t\t\t\t\t<\/div>\n\t\t\t\t<\/div>\n\n\t\t\t\n\t\t\t\t\n\t\t\t\t<div class=\"sow-features-feature sow-icon-container-position-top sow-features-feature-last-row\" style=\"width: 25%\">\n\t\t\t\t\t<div class=\"feature-wrapper\">\n\t\t\t\t\t\t<a href=\"https:\/\/rdsa.at\/de\/services-2\/free-seat\/\" >\t\t\t\t\t\t<div class=\"sow-icon-container sow-container-none\"\n\t\t                    style=\"color: #ffffff; \"\n\t\t\t\t\t\t\ttitle=\"Management\">\n\t\t\t\t\t\t\t<div class=\"sow-icon-image\" style=\"background-image: url(https:\/\/rdsa.at\/wp-content\/uploads\/2019\/11\/FreeSeat_rechts.jpg); font-size: 40px\"><\/div>\t\t\t\t\t\t<\/div>\n\t\t\t\t\t\t<\/a>\n\t\t\t\t\t\t<div class=\"textwidget\">\n\t\t\t\t\t\t\t\t\t\t\t\t\t\t\t<h5>\n\t\t\t\t\t\t\t\t\t<a href=\"https:\/\/rdsa.at\/de\/services-2\/free-seat\/\" >\t\t\t\t\t\t\t\t\tFree SEAT\t\t\t\t\t\t\t\t\t<\/a>\t\t\t\t\t\t\t\t<\/h5>\n\t\t\t\t\t\t\t\n\t\t\t\t\t\t\t\t\t\t\t\t\t\t\t<p><\/p>\n<p>Sitzbelegungserkennung im \u00f6ffentlichen Transport<\/p>\t\t\t\t\t\t\t\n\t\t\t\t\t\t\t\t\t\t\t\t\t<\/div>\n\t\t\t\t\t<\/div>\n\t\t\t\t<\/div>\n\n\t\t\t\n\t\t\t\t\n\t\t\t\t<div class=\"sow-features-feature sow-icon-container-position-top sow-features-feature-last-row\" style=\"width: 25%\">\n\t\t\t\t\t<div class=\"feature-wrapper\">\n\t\t\t\t\t\t<a href=\"https:\/\/rdsa.at\/de\/services-2\/gps-gnss\/\" >\t\t\t\t\t\t<div class=\"sow-icon-container sow-container-none\"\n\t\t                    style=\"color: #404040; \"\n\t\t\t\t\t\t\t>\n\t\t\t\t\t\t\t<div class=\"sow-icon-image\" style=\"background-image: url(https:\/\/rdsa.at\/wp-content\/uploads\/2019\/11\/Ausschnitt.png); font-size: 40px\"><\/div>\t\t\t\t\t\t<\/div>\n\t\t\t\t\t\t<\/a>\n\t\t\t\t\t\t<div class=\"textwidget\">\n\t\t\t\t\t\t\t\t\t\t\t\t\t\t\t<h5>\n\t\t\t\t\t\t\t\t\t<a href=\"https:\/\/rdsa.at\/de\/services-2\/gps-gnss\/\" >\t\t\t\t\t\t\t\t\tGPS\/GNSS \t\t\t\t\t\t\t\t\t<\/a>\t\t\t\t\t\t\t\t<\/h5>\n\t\t\t\t\t\t\t\n\t\t\t\t\t\t\t\t\t\t\t\t\t\t\t<p>Hochgenaue GNSS Ortung und Gleis-Vermessung<\/p>\n<p><\/p>\t\t\t\t\t\t\t\n\t\t\t\t\t\t\t\t\t\t\t\t\t<\/div>\n\t\t\t\t\t<\/div>\n\t\t\t\t<\/div>\n\n\t\t\t\t\t\n\t<\/div><!-- .sow-features-list -->\n\n<\/div><!-- .section-sow-features -->\n<\/div><\/div><\/div><\/div><\/div><\/div>","protected":false},"excerpt":{"rendered":"<p>Produkte und Leistungen Wir bieten folgende Produkte und Dienstleistungen an: Rail Reader Zug und Wagonerkennung gem\u00e4ss &#8222;RFID-In-Rail&#8220; Spezifikation Walem Dauer-Monitoring der Bahn-L\u00e4rmemission Free SEAT Sitzbelegungserkennung im \u00f6ffentlichen Transport GPS\/GNSS Hochgenaue GNSS Ortung und Gleis-Vermessung<\/p>\n","protected":false},"author":2,"featured_media":0,"parent":0,"menu_order":0,"comment_status":"closed","ping_status":"closed","template":"tpl-full-width.php","meta":[],"_links":{"self":[{"href":"https:\/\/rdsa.at\/de\/wp-json\/wp\/v2\/pages\/309"}],"collection":[{"href":"https:\/\/rdsa.at\/de\/wp-json\/wp\/v2\/pages"}],"about":[{"href":"https:\/\/rdsa.at\/de\/wp-json\/wp\/v2\/types\/page"}],"author":[{"embeddable":true,"href":"https:\/\/rdsa.at\/de\/wp-json\/wp\/v2\/users\/2"}],"replies":[{"embeddable":true,"href":"https:\/\/rdsa.at\/de\/wp-json\/wp\/v2\/comments?post=309"}],"version-history":[{"count":26,"href":"https:\/\/rdsa.at\/de\/wp-json\/wp\/v2\/pages\/309\/revisions"}],"predecessor-version":[{"id":786,"href":"https:\/\/rdsa.at\/de\/wp-json\/wp\/v2\/pages\/309\/revisions\/786"}],"wp:attachment":[{"href":"https:\/\/rdsa.at\/de\/wp-json\/wp\/v2\/media?parent=309"}],"curies":[{"name":"wp","href":"https:\/\/api.w.org\/{rel}","templated":true}]}}