{"id":18,"date":"2016-10-03T16:53:07","date_gmt":"2016-10-03T14:53:07","guid":{"rendered":"http:\/\/pscweb\/psc\/wp\/?page_id=18"},"modified":"2019-11-27T14:13:06","modified_gmt":"2019-11-27T13:13:06","slug":"team","status":"publish","type":"page","link":"https:\/\/rdsa.at\/de\/about-us-2\/team\/","title":{"rendered":"Team"},"content":{"rendered":"<p><\/p>\n<h1 style=\"text-align: center;\"><strong>Team<\/strong><\/h1>\n<p>&nbsp;<\/p>\n<h1 style=\"text-align: center;\"><img decoding=\"async\" loading=\"lazy\" class=\"aligncenter size-full wp-image-165\" src=\"http:\/\/pscweb\/psc\/wp-content\/uploads\/2016\/10\/team-3.jpg\" alt=\"team\" width=\"940\" height=\"353\" srcset=\"https:\/\/rdsa.at\/wp-content\/uploads\/2016\/10\/team-3.jpg 940w, https:\/\/rdsa.at\/wp-content\/uploads\/2016\/10\/team-3-300x113.jpg 300w, https:\/\/rdsa.at\/wp-content\/uploads\/2016\/10\/team-3-768x288.jpg 768w\" sizes=\"(max-width: 940px) 100vw, 940px\" \/><\/h1>\n<h2><\/h2>\n<p>&nbsp;<\/p>\n<h2>CORE-Team:<\/h2>\n<p>5 Senior Experten (HW Entwicklung, SW Spezialisten f\u00fcr industrie &amp; embedded SW-Applikationen, Host &amp; Datenbankanwendungen, Web-Oberfl\u00e4chen Design)<br \/>\nAbdeckung aller g\u00e4ngigen Betriebssystem. (Unix\/Linux, Windows)<\/p>\n<h2>Erweitertes-TEAM:<\/h2>\n<p>10+ Experten (Bahn &amp; Verkehr, Wissenschaft, Business Development)<\/p>\n<p>Studenten und Praktikanten<\/p>","protected":false},"excerpt":{"rendered":"<p>Team &nbsp; &nbsp; CORE-Team: 5 Senior Experten (HW Entwicklung, SW Spezialisten f\u00fcr industrie &amp; embedded SW-Applikationen, Host &amp; Datenbankanwendungen, Web-Oberfl\u00e4chen Design) Abdeckung aller g\u00e4ngigen Betriebssystem. (Unix\/Linux, Windows) Erweitertes-TEAM: 10+ Experten (Bahn &amp; Verkehr, Wissenschaft, Business Development) Studenten und Praktikanten<\/p>\n","protected":false},"author":2,"featured_media":0,"parent":56,"menu_order":3,"comment_status":"closed","ping_status":"closed","template":"","meta":[],"_links":{"self":[{"href":"https:\/\/rdsa.at\/de\/wp-json\/wp\/v2\/pages\/18"}],"collection":[{"href":"https:\/\/rdsa.at\/de\/wp-json\/wp\/v2\/pages"}],"about":[{"href":"https:\/\/rdsa.at\/de\/wp-json\/wp\/v2\/types\/page"}],"author":[{"embeddable":true,"href":"https:\/\/rdsa.at\/de\/wp-json\/wp\/v2\/users\/2"}],"replies":[{"embeddable":true,"href":"https:\/\/rdsa.at\/de\/wp-json\/wp\/v2\/comments?post=18"}],"version-history":[{"count":23,"href":"https:\/\/rdsa.at\/de\/wp-json\/wp\/v2\/pages\/18\/revisions"}],"predecessor-version":[{"id":669,"href":"https:\/\/rdsa.at\/de\/wp-json\/wp\/v2\/pages\/18\/revisions\/669"}],"up":[{"embeddable":true,"href":"https:\/\/rdsa.at\/de\/wp-json\/wp\/v2\/pages\/56"}],"wp:attachment":[{"href":"https:\/\/rdsa.at\/de\/wp-json\/wp\/v2\/media?parent=18"}],"curies":[{"name":"wp","href":"https:\/\/api.w.org\/{rel}","templated":true}]}}